{"id":678,"date":"2021-12-20T13:48:59","date_gmt":"2021-12-20T13:48:59","guid":{"rendered":"https:\/\/gestoriasole.com\/que-fem-assessoria-vilafranca\/"},"modified":"2022-03-14T09:03:48","modified_gmt":"2022-03-14T09:03:48","slug":"que-hacemos-asesoria-vilafranca","status":"publish","type":"page","link":"https:\/\/gestoriasole.com\/es\/que-hacemos-asesoria-vilafranca\/","title":{"rendered":"Qu\u00e9 hacemos"},"content":{"rendered":"<p>[et_pb_section fb_built=&#8221;1&#8243; _builder_version=&#8221;4.6.6&#8243; _module_preset=&#8221;default&#8221; background_image=&#8221;https:\/\/gestoriasole.com\/wp-content\/uploads\/2021\/12\/slider_portada_gestoria.jpg&#8221; height=&#8221;80px&#8221; custom_padding=&#8221;0px||0px||false|false&#8221; global_colors_info=&#8221;{}&#8221;][\/et_pb_section][et_pb_section fb_built=&#8221;1&#8243; _builder_version=&#8221;4.6.6&#8243; _module_preset=&#8221;default&#8221; use_background_color_gradient=&#8221;on&#8221; background_color_gradient_start=&#8221;#efefef&#8221; background_color_gradient_end=&#8221;#ffffff&#8221; background_color_gradient_direction=&#8221;166deg&#8221; custom_margin=&#8221;5px||||false|false&#8221; custom_padding=&#8221;0px||0px||true|false&#8221; global_colors_info=&#8221;{}&#8221;][et_pb_row column_structure=&#8221;1_2,1_2&#8243; use_custom_gutter=&#8221;on&#8221; gutter_width=&#8221;1&#8243; make_equal=&#8221;on&#8221; _builder_version=&#8221;4.6.6&#8243; _module_preset=&#8221;default&#8221; background_enable_color=&#8221;off&#8221; width=&#8221;100%&#8221; custom_margin=&#8221;||||false|false&#8221; custom_padding=&#8221;0px||0px||true|false&#8221; global_colors_info=&#8221;{}&#8221;][et_pb_column type=&#8221;1_2&#8243; _builder_version=&#8221;4.6.6&#8243; _module_preset=&#8221;default&#8221; custom_padding=&#8221;7%||7%||true|false&#8221; global_colors_info=&#8221;{}&#8221;][et_pb_blurb title=&#8221;Qu\u00e9 hacemos&#8221; image_icon_width=&#8221;70%&#8221; content_max_width=&#8221;100%&#8221; _builder_version=&#8221;4.14.7&#8243; _module_preset=&#8221;default&#8221; header_level=&#8221;h1&#8243; header_font=&#8221;|600|||||||&#8221; header_font_size=&#8221;44px&#8221; body_font=&#8221;|300|||||||&#8221; body_font_size=&#8221;20px&#8221; width_tablet=&#8221;75%&#8221; width_phone=&#8221;100%&#8221; width_last_edited=&#8221;off|desktop&#8221; module_alignment=&#8221;left&#8221; custom_margin_tablet=&#8221;&#8221; custom_margin_phone=&#8221;&#8221; custom_margin_last_edited=&#8221;on|phone&#8221; custom_padding=&#8221;|0px||0px|false|false&#8221; custom_padding_tablet=&#8221;|0px||0px|false|false&#8221; custom_padding_phone=&#8221;|15px||15px|false|false&#8221; custom_padding_last_edited=&#8221;on|phone&#8221; animation_style=&#8221;fade&#8221; header_font_size_tablet=&#8221;36px&#8221; header_font_size_phone=&#8221;32px&#8221; header_font_size_last_edited=&#8221;on|phone&#8221; body_font_size_tablet=&#8221;18px&#8221; body_font_size_phone=&#8221;16px&#8221; body_font_size_last_edited=&#8221;on|phone&#8221; image_max_width=&#8221;70%&#8221; global_colors_info=&#8221;{}&#8221;]<\/p>\n<p><span>En Gestoria Sol\u00e9 ofrecemos un servicio integral en el \u00e1mbito laboral, fiscal, contable, jur\u00eddico y en corredur\u00eda de seguros. \u00a1Descubre todo lo que podemos hacer por ti!<\/span><\/p>\n<p>[\/et_pb_blurb][\/et_pb_column][et_pb_column type=&#8221;1_2&#8243; _builder_version=&#8221;4.6.6&#8243; _module_preset=&#8221;default&#8221; custom_padding=&#8221;7%||7%||true|false&#8221; global_colors_info=&#8221;{}&#8221;][\/et_pb_column][\/et_pb_row][\/et_pb_section][et_pb_section fb_built=&#8221;1&#8243; custom_padding_last_edited=&#8221;on|phone&#8221; _builder_version=&#8221;4.14.7&#8243; _module_preset=&#8221;default&#8221; custom_margin_tablet=&#8221;&#8221; custom_margin_phone=&#8221;&#8221; custom_margin_last_edited=&#8221;on|phone&#8221; custom_padding=&#8221;80px||80px||true|false&#8221; custom_padding_tablet=&#8221;80px||80px||true|false&#8221; custom_padding_phone=&#8221;0px||0px||true|false&#8221; global_colors_info=&#8221;{}&#8221;][et_pb_row column_structure=&#8221;1_2,1_2&#8243; _builder_version=&#8221;4.6.6&#8243; _module_preset=&#8221;default&#8221; global_colors_info=&#8221;{}&#8221;][et_pb_column type=&#8221;1_2&#8243; _builder_version=&#8221;4.6.6&#8243; _module_preset=&#8221;default&#8221; global_colors_info=&#8221;{}&#8221;][et_pb_text _builder_version=&#8221;4.14.9&#8243; _module_preset=&#8221;default&#8221; text_font=&#8221;|300|||||||&#8221; text_text_color=&#8221;#3a3a3a&#8221; text_font_size=&#8221;18px&#8221; header_3_font=&#8221;|600|||||||&#8221; header_3_text_color=&#8221;#3a3a3a&#8221; header_3_font_size=&#8221;26px&#8221; module_alignment=&#8221;left&#8221; custom_margin_tablet=&#8221;&#8221; custom_margin_phone=&#8221;&#8221; custom_margin_last_edited=&#8221;on|phone&#8221; custom_padding=&#8221;0px||||false|false&#8221; hover_enabled=&#8221;0&#8243; text_font_size_tablet=&#8221;17px&#8221; text_font_size_phone=&#8221;16px&#8221; text_font_size_last_edited=&#8221;on|phone&#8221; header_3_font_size_tablet=&#8221;24px&#8221; header_3_font_size_phone=&#8221;22px&#8221; header_3_font_size_last_edited=&#8221;on|phone&#8221; global_colors_info=&#8221;{}&#8221; sticky_enabled=&#8221;0&#8243;]<\/p>\n<p>Gestoria Sol\u00e9 somos una gestor\u00eda integral ubicada en Vilafranca del Pened\u00e8s desde el a\u00f1o 1970. Contamos con un equipo de expertos en el \u00e1mbito empresarial, laboral, fiscal y contable y gracias a nuestra larga trayectoria y a la constante b\u00fasqueda de nuestro equipo de profesionales por la formaci\u00f3n y la innovaci\u00f3n, ofrecemos a nuestros clientes las mejores soluciones basadas en los \u00faltimos reglamentos, obligaciones y leyes del momento.<\/p>\n<p>Dentro de nuestro gran abanico de servicios tambi\u00e9n est\u00e1 el de corredur\u00eda de seguros para ayudarte a encontrar la cobertura que mejor se adapte a tus necesidades.<\/p>\n<p>Nuestra filosof\u00eda es ofrecer la excelencia en cada servicio para garantizar la mejor experiencia en todo momento. Por eso somos l\u00edderes en nuestro sector y nos diferenciamos por la calidad y la eficiencia en todo lo que hacemos. Te ayudamos a encontrar las mejores soluciones y escoger la forma legal m\u00e1s adecuada para ti y tu negocio para que crezcas de forma exitosa.<\/p>\n<p>[\/et_pb_text][\/et_pb_column][et_pb_column type=&#8221;1_2&#8243; _builder_version=&#8221;4.6.6&#8243; _module_preset=&#8221;default&#8221; global_colors_info=&#8221;{}&#8221;][et_pb_image src=&#8221;https:\/\/gestoriasole.com\/wp-content\/uploads\/2021\/12\/Consultes-fiscals-Vilafranca.jpg&#8221; title_text=&#8221;Consultes-fiscals-Vilafranca&#8221; force_fullwidth=&#8221;on&#8221; _builder_version=&#8221;4.6.6&#8243; _module_preset=&#8221;default&#8221; custom_margin=&#8221;||||false|false&#8221; border_radii=&#8221;on|12px|12px|12px|12px&#8221; box_shadow_style=&#8221;preset3&#8243; box_shadow_vertical=&#8221;20px&#8221; box_shadow_blur=&#8221;24px&#8221; box_shadow_spread=&#8221;-13px&#8221; global_colors_info=&#8221;{}&#8221;][\/et_pb_image][\/et_pb_column][\/et_pb_row][\/et_pb_section]<\/p>\n","protected":false},"excerpt":{"rendered":"<p>En Gestoria Sol\u00e9 ofrecemos un servicio integral en el \u00e1mbito laboral, fiscal, contable, jur\u00eddico y en corredur\u00eda de seguros. \u00a1Descubre todo lo que podemos hacer por ti!Gestoria Sol\u00e9 somos una gestor\u00eda integral ubicada en Vilafranca del Pened\u00e8s desde el a\u00f1o 1970. Contamos con un equipo de expertos en el \u00e1mbito empresarial, laboral, fiscal y contable [&hellip;]<\/p>\n","protected":false},"author":1,"featured_media":0,"parent":0,"menu_order":0,"comment_status":"closed","ping_status":"closed","template":"","meta":{"_et_pb_use_builder":"on","_et_pb_old_content":"","_et_gb_content_width":"","footnotes":""},"class_list":["post-678","page","type-page","status-publish","hentry"],"_links":{"self":[{"href":"https:\/\/gestoriasole.com\/es\/wp-json\/wp\/v2\/pages\/678","targetHints":{"allow":["GET"]}}],"collection":[{"href":"https:\/\/gestoriasole.com\/es\/wp-json\/wp\/v2\/pages"}],"about":[{"href":"https:\/\/gestoriasole.com\/es\/wp-json\/wp\/v2\/types\/page"}],"author":[{"embeddable":true,"href":"https:\/\/gestoriasole.com\/es\/wp-json\/wp\/v2\/users\/1"}],"replies":[{"embeddable":true,"href":"https:\/\/gestoriasole.com\/es\/wp-json\/wp\/v2\/comments?post=678"}],"version-history":[{"count":7,"href":"https:\/\/gestoriasole.com\/es\/wp-json\/wp\/v2\/pages\/678\/revisions"}],"predecessor-version":[{"id":941,"href":"https:\/\/gestoriasole.com\/es\/wp-json\/wp\/v2\/pages\/678\/revisions\/941"}],"wp:attachment":[{"href":"https:\/\/gestoriasole.com\/es\/wp-json\/wp\/v2\/media?parent=678"}],"curies":[{"name":"wp","href":"https:\/\/api.w.org\/{rel}","templated":true}]}}